{"id":1326,"date":"2023-04-11T16:53:36","date_gmt":"2023-04-11T16:53:36","guid":{"rendered":"https:\/\/aebentodacruz.pt\/biblioteca\/?page_id=1326"},"modified":"2026-04-15T17:17:22","modified_gmt":"2026-04-15T17:17:22","slug":"docs-orientadores","status":"publish","type":"page","link":"https:\/\/www.aebentodacruz.pt\/biblioteca\/docs-orientadores\/","title":{"rendered":"Docs Orientadores"},"content":{"rendered":"\t\t<div data-elementor-type=\"wp-page\" data-elementor-id=\"1326\" class=\"elementor elementor-1326\">\n\t\t\t\t\t\t<section class=\"elementor-section elementor-top-section elementor-element elementor-element-8092862 elementor-section-boxed elementor-section-height-default elementor-section-height-default\" data-id=\"8092862\" data-element_type=\"section\" data-e-type=\"section\">\n\t\t\t\t\t\t<div class=\"elementor-container elementor-column-gap-default\">\n\t\t\t\t\t<div class=\"elementor-column elementor-col-100 elementor-top-column elementor-element elementor-element-ad04625\" data-id=\"ad04625\" data-element_type=\"column\" data-e-type=\"column\">\n\t\t\t<div class=\"elementor-widget-wrap elementor-element-populated\">\n\t\t\t\t\t\t\t<\/div>\n\t\t<\/div>\n\t\t\t\t\t<\/div>\n\t\t<\/section>\n\t\t\t\t<section class=\"elementor-section elementor-top-section elementor-element elementor-element-a81430f elementor-section-boxed elementor-section-height-default elementor-section-height-default\" data-id=\"a81430f\" data-element_type=\"section\" data-e-type=\"section\">\n\t\t\t\t\t\t<div class=\"elementor-container elementor-column-gap-default\">\n\t\t\t\t\t<div class=\"elementor-column elementor-col-100 elementor-top-column elementor-element elementor-element-01d499e\" data-id=\"01d499e\" data-element_type=\"column\" data-e-type=\"column\">\n\t\t\t<div class=\"elementor-widget-wrap elementor-element-populated\">\n\t\t\t\t\t\t<div class=\"elementor-element elementor-element-8804067 elementor-widget-divider--view-line elementor-widget elementor-widget-divider\" data-id=\"8804067\" data-element_type=\"widget\" data-e-type=\"widget\" data-widget_type=\"divider.default\">\n\t\t\t\t<div class=\"elementor-widget-container\">\n\t\t\t\t\t\t\t<div class=\"elementor-divider\">\n\t\t\t<span class=\"elementor-divider-separator\">\n\t\t\t\t\t\t<\/span>\n\t\t<\/div>\n\t\t\t\t\t\t<\/div>\n\t\t\t\t<\/div>\n\t\t\t\t\t<\/div>\n\t\t<\/div>\n\t\t\t\t\t<\/div>\n\t\t<\/section>\n\t\t\t\t<section class=\"elementor-section elementor-top-section elementor-element elementor-element-420f730 elementor-section-boxed elementor-section-height-default elementor-section-height-default\" data-id=\"420f730\" data-element_type=\"section\" data-e-type=\"section\">\n\t\t\t\t\t\t<div class=\"elementor-container elementor-column-gap-default\">\n\t\t\t\t\t<div class=\"elementor-column elementor-col-100 elementor-top-column elementor-element elementor-element-6e9ee63\" data-id=\"6e9ee63\" data-element_type=\"column\" data-e-type=\"column\">\n\t\t\t<div class=\"elementor-widget-wrap elementor-element-populated\">\n\t\t\t\t\t\t<div class=\"elementor-element elementor-element-6120034 elementor-widget__width-initial elementor-widget elementor-widget-heading\" data-id=\"6120034\" data-element_type=\"widget\" data-e-type=\"widget\" data-widget_type=\"heading.default\">\n\t\t\t\t<div class=\"elementor-widget-container\">\n\t\t\t\t\t<h2 class=\"elementor-heading-title elementor-size-default\"><br><b>Documentos Orientadores<\/b><\/h2>\t\t\t\t<\/div>\n\t\t\t\t<\/div>\n\t\t\t\t\t<\/div>\n\t\t<\/div>\n\t\t\t\t\t<\/div>\n\t\t<\/section>\n\t\t\t\t<section class=\"elementor-section elementor-top-section elementor-element elementor-element-5a67091 elementor-section-boxed elementor-section-height-default elementor-section-height-default\" data-id=\"5a67091\" data-element_type=\"section\" data-e-type=\"section\">\n\t\t\t\t\t\t<div class=\"elementor-container elementor-column-gap-default\">\n\t\t\t\t\t<div class=\"elementor-column elementor-col-100 elementor-top-column elementor-element elementor-element-bd76ca2\" data-id=\"bd76ca2\" data-element_type=\"column\" data-e-type=\"column\">\n\t\t\t<div class=\"elementor-widget-wrap elementor-element-populated\">\n\t\t\t\t\t\t<div class=\"elementor-element elementor-element-9a1a82d elementor-widget-divider--view-line elementor-widget elementor-widget-divider\" data-id=\"9a1a82d\" data-element_type=\"widget\" data-e-type=\"widget\" data-widget_type=\"divider.default\">\n\t\t\t\t<div class=\"elementor-widget-container\">\n\t\t\t\t\t\t\t<div class=\"elementor-divider\">\n\t\t\t<span class=\"elementor-divider-separator\">\n\t\t\t\t\t\t<\/span>\n\t\t<\/div>\n\t\t\t\t\t\t<\/div>\n\t\t\t\t<\/div>\n\t\t\t\t\t<\/div>\n\t\t<\/div>\n\t\t\t\t\t<\/div>\n\t\t<\/section>\n\t\t\t\t<section class=\"elementor-section elementor-top-section elementor-element elementor-element-63719b4 elementor-section-boxed elementor-section-height-default elementor-section-height-default\" data-id=\"63719b4\" data-element_type=\"section\" data-e-type=\"section\">\n\t\t\t\t\t\t<div class=\"elementor-container elementor-column-gap-default\">\n\t\t\t\t\t\t<\/div>\n\t\t<\/section>\n\t\t\t\t<section class=\"elementor-section elementor-top-section elementor-element elementor-element-c949ca2 elementor-section-boxed elementor-section-height-default elementor-section-height-default\" data-id=\"c949ca2\" data-element_type=\"section\" data-e-type=\"section\">\n\t\t\t\t\t\t<div class=\"elementor-container elementor-column-gap-default\">\n\t\t\t\t\t\t<\/div>\n\t\t<\/section>\n\t\t\t\t<section class=\"elementor-section elementor-top-section elementor-element elementor-element-6c7a266 elementor-section-boxed elementor-section-height-default elementor-section-height-default\" data-id=\"6c7a266\" data-element_type=\"section\" data-e-type=\"section\">\n\t\t\t\t\t\t<div class=\"elementor-container elementor-column-gap-default\">\n\t\t\t\t\t\t<\/div>\n\t\t<\/section>\n\t\t\t\t<section class=\"elementor-section elementor-top-section elementor-element elementor-element-2ae7f9e elementor-section-boxed elementor-section-height-default elementor-section-height-default\" data-id=\"2ae7f9e\" data-element_type=\"section\" data-e-type=\"section\">\n\t\t\t\t\t\t<div class=\"elementor-container elementor-column-gap-default\">\n\t\t\t\t\t\t<\/div>\n\t\t<\/section>\n\t\t\t\t<section class=\"elementor-section elementor-top-section elementor-element elementor-element-ea3dff1 elementor-section-boxed elementor-section-height-default elementor-section-height-default\" data-id=\"ea3dff1\" data-element_type=\"section\" data-e-type=\"section\">\n\t\t\t\t\t\t<div class=\"elementor-container elementor-column-gap-default\">\n\t\t\t\t\t\t<\/div>\n\t\t<\/section>\n\t\t\t\t<section class=\"elementor-section elementor-top-section elementor-element elementor-element-3654754 elementor-section-boxed elementor-section-height-default elementor-section-height-default\" data-id=\"3654754\" data-element_type=\"section\" data-e-type=\"section\">\n\t\t\t\t\t\t<div class=\"elementor-container elementor-column-gap-default\">\n\t\t\t\t\t<div class=\"elementor-column elementor-col-100 elementor-top-column elementor-element elementor-element-61b0da9\" data-id=\"61b0da9\" data-element_type=\"column\" data-e-type=\"column\" data-settings=\"{&quot;background_background&quot;:&quot;classic&quot;}\">\n\t\t\t<div class=\"elementor-widget-wrap elementor-element-populated\">\n\t\t\t\t\t\t<div class=\"elementor-element elementor-element-786e74f elementor-widget elementor-widget-text-editor\" data-id=\"786e74f\" data-element_type=\"widget\" data-e-type=\"widget\" data-widget_type=\"text-editor.default\">\n\t\t\t\t<div class=\"elementor-widget-container\">\n\t\t\t\t\t\t\t\t\t<p>Neste espa\u00e7o encontram-se dispon\u00edveis os documentos que orientam todo o trabalho inerente \u00e0 Biblioteca Escolar do AEBC.<\/p>\t\t\t\t\t\t\t\t<\/div>\n\t\t\t\t<\/div>\n\t\t\t\t\t<\/div>\n\t\t<\/div>\n\t\t\t\t\t<\/div>\n\t\t<\/section>\n\t\t\t\t<section class=\"elementor-section elementor-top-section elementor-element elementor-element-4504e6a elementor-section-content-middle elementor-section-boxed elementor-section-height-default elementor-section-height-default\" data-id=\"4504e6a\" data-element_type=\"section\" data-e-type=\"section\">\n\t\t\t\t\t\t<div class=\"elementor-container elementor-column-gap-extended\">\n\t\t\t\t\t<div class=\"elementor-column elementor-col-50 elementor-top-column elementor-element elementor-element-fa679f1\" data-id=\"fa679f1\" data-element_type=\"column\" data-e-type=\"column\" data-settings=\"{&quot;background_background&quot;:&quot;classic&quot;}\">\n\t\t\t<div class=\"elementor-widget-wrap elementor-element-populated\">\n\t\t\t\t\t\t<div class=\"elementor-element elementor-element-998a689 elementor-widget elementor-widget-heading\" data-id=\"998a689\" data-element_type=\"widget\" data-e-type=\"widget\" data-widget_type=\"heading.default\">\n\t\t\t\t<div class=\"elementor-widget-container\">\n\t\t\t\t\t<h2 class=\"elementor-heading-title elementor-size-default\"><a href=\"https:\/\/aebentodacruz-my.sharepoint.com\/:b:\/g\/personal\/isabelgouveia_aebentodacruz_pt\/IQCbfJcTvM7MS71L2UpB4neDAff4CMtRT6lfU4Y02bJwfdY?e=kugwDh\" target=\"_blank\">Regulamento BE<\/a><\/h2>\t\t\t\t<\/div>\n\t\t\t\t<\/div>\n\t\t\t\t<div class=\"elementor-element elementor-element-55449a0 elementor-widget elementor-widget-image\" data-id=\"55449a0\" data-element_type=\"widget\" data-e-type=\"widget\" data-widget_type=\"image.default\">\n\t\t\t\t<div class=\"elementor-widget-container\">\n\t\t\t\t\t\t\t\t\t\t\t\t\t\t\t\t<a href=\"https:\/\/aebentodacruz.pt\/biblioteca\/wp-content\/uploads\/2023\/05\/Regimento-Interno-da-BE-19-20.pdf\" target=\"_blank\">\n\t\t\t\t\t\t\t<img decoding=\"async\" src=\"https:\/\/www.aebentodacruz.pt\/biblioteca\/wp-content\/uploads\/elementor\/thumbs\/file-g6a8fa0a63_640-q4v80o87gfs506xy0hnai0uc1ihe0z9xn8428zszc8.png\" title=\"file-g6a8fa0a63_640\" alt=\"file-g6a8fa0a63_640\" loading=\"lazy\" \/>\t\t\t\t\t\t\t\t<\/a>\n\t\t\t\t\t\t\t\t\t\t\t\t\t\t\t<\/div>\n\t\t\t\t<\/div>\n\t\t\t\t\t<\/div>\n\t\t<\/div>\n\t\t\t\t<div class=\"elementor-column elementor-col-50 elementor-top-column elementor-element elementor-element-d81ac53\" data-id=\"d81ac53\" data-element_type=\"column\" data-e-type=\"column\" data-settings=\"{&quot;background_background&quot;:&quot;classic&quot;}\">\n\t\t\t<div class=\"elementor-widget-wrap elementor-element-populated\">\n\t\t\t\t\t\t<div class=\"elementor-element elementor-element-e2490ae elementor-widget elementor-widget-heading\" data-id=\"e2490ae\" data-element_type=\"widget\" data-e-type=\"widget\" data-widget_type=\"heading.default\">\n\t\t\t\t<div class=\"elementor-widget-container\">\n\t\t\t\t\t<h2 class=\"elementor-heading-title elementor-size-default\"><a href=\"https:\/\/aebentodacruz-my.sharepoint.com\/:b:\/g\/personal\/isabelgouveia_aebentodacruz_pt\/IQBe5xW-hGnmRJouKE6ZCqWiAU5iPmhfJMOrh5PwHSx3aVk?e=FPo6e1\" target=\"_blank\">Guia do Utilizador<\/a><\/h2>\t\t\t\t<\/div>\n\t\t\t\t<\/div>\n\t\t\t\t<div class=\"elementor-element elementor-element-2e5a403 elementor-widget elementor-widget-image\" data-id=\"2e5a403\" data-element_type=\"widget\" data-e-type=\"widget\" data-widget_type=\"image.default\">\n\t\t\t\t<div class=\"elementor-widget-container\">\n\t\t\t\t\t\t\t\t\t\t\t\t\t\t\t\t<a href=\"https:\/\/aebentodacruz.pt\/biblioteca\/wp-content\/uploads\/2023\/05\/Guia-do-utilizador-22-23.pdf\" target=\"_blank\">\n\t\t\t\t\t\t\t<img decoding=\"async\" src=\"https:\/\/www.aebentodacruz.pt\/biblioteca\/wp-content\/uploads\/elementor\/thumbs\/manual-gbab3b516c_640-q4v8cf7kvvv64pvjekheo23rcwkk8rx59dok7idtk8.jpg\" title=\"manual-gbab3b516c_640\" alt=\"manual-gbab3b516c_640\" loading=\"lazy\" \/>\t\t\t\t\t\t\t\t<\/a>\n\t\t\t\t\t\t\t\t\t\t\t\t\t\t\t<\/div>\n\t\t\t\t<\/div>\n\t\t\t\t\t<\/div>\n\t\t<\/div>\n\t\t\t\t\t<\/div>\n\t\t<\/section>\n\t\t\t\t<section class=\"elementor-section elementor-top-section elementor-element elementor-element-a4fa4f4 elementor-section-boxed elementor-section-height-default elementor-section-height-default\" data-id=\"a4fa4f4\" data-element_type=\"section\" data-e-type=\"section\">\n\t\t\t\t\t\t<div class=\"elementor-container elementor-column-gap-default\">\n\t\t\t\t\t<div class=\"elementor-column elementor-col-100 elementor-top-column elementor-element elementor-element-e0c4308\" data-id=\"e0c4308\" data-element_type=\"column\" data-e-type=\"column\">\n\t\t\t<div class=\"elementor-widget-wrap elementor-element-populated\">\n\t\t\t\t\t\t<div class=\"elementor-element elementor-element-f70a664 elementor-widget elementor-widget-spacer\" data-id=\"f70a664\" data-element_type=\"widget\" data-e-type=\"widget\" data-widget_type=\"spacer.default\">\n\t\t\t\t<div class=\"elementor-widget-container\">\n\t\t\t\t\t\t\t<div class=\"elementor-spacer\">\n\t\t\t<div class=\"elementor-spacer-inner\"><\/div>\n\t\t<\/div>\n\t\t\t\t\t\t<\/div>\n\t\t\t\t<\/div>\n\t\t\t\t\t<\/div>\n\t\t<\/div>\n\t\t\t\t\t<\/div>\n\t\t<\/section>\n\t\t\t\t<section class=\"elementor-section elementor-top-section elementor-element elementor-element-371bc7b elementor-section-boxed elementor-section-height-default elementor-section-height-default\" data-id=\"371bc7b\" data-element_type=\"section\" data-e-type=\"section\">\n\t\t\t\t\t\t<div class=\"elementor-container elementor-column-gap-default\">\n\t\t\t\t\t<div class=\"elementor-column elementor-col-50 elementor-top-column elementor-element elementor-element-7e99c39\" data-id=\"7e99c39\" data-element_type=\"column\" data-e-type=\"column\">\n\t\t\t<div class=\"elementor-widget-wrap elementor-element-populated\">\n\t\t\t\t\t\t<div class=\"elementor-element elementor-element-622e6a9 elementor-widget__width-initial elementor-widget elementor-widget-heading\" data-id=\"622e6a9\" data-element_type=\"widget\" data-e-type=\"widget\" data-widget_type=\"heading.default\">\n\t\t\t\t<div class=\"elementor-widget-container\">\n\t\t\t\t\t<h2 class=\"elementor-heading-title elementor-size-default\"><a href=\"https:\/\/aebentodacruz-my.sharepoint.com\/:b:\/g\/personal\/isabelgouveia_aebentodacruz_pt\/IQAEFgzPbaYORoJamCZWtANdASJka4oa6NOzv0dC9HS_pts?e=AXhxpV\" target=\"_blank\">Plano de Melhoria<\/a><\/h2>\t\t\t\t<\/div>\n\t\t\t\t<\/div>\n\t\t\t\t<div class=\"elementor-element elementor-element-6720401 elementor-widget__width-initial elementor-widget elementor-widget-image\" data-id=\"6720401\" data-element_type=\"widget\" data-e-type=\"widget\" data-widget_type=\"image.default\">\n\t\t\t\t<div class=\"elementor-widget-container\">\n\t\t\t\t\t\t\t\t\t\t\t\t\t\t\t\t<a href=\"https:\/\/aebentodacruz.pt\/biblioteca\/wp-content\/uploads\/2023\/05\/Plano-de-Melhoria-2021-2022.pdf\" target=\"_blank\">\n\t\t\t\t\t\t\t<img fetchpriority=\"high\" decoding=\"async\" width=\"1024\" height=\"683\" src=\"https:\/\/www.aebentodacruz.pt\/biblioteca\/wp-content\/uploads\/2023\/04\/4751965-1024x683.jpg\" class=\"attachment-large size-large wp-image-1348\" alt=\"\" srcset=\"https:\/\/www.aebentodacruz.pt\/biblioteca\/wp-content\/uploads\/2023\/04\/4751965-1024x683.jpg 1024w, https:\/\/www.aebentodacruz.pt\/biblioteca\/wp-content\/uploads\/2023\/04\/4751965-300x200.jpg 300w, https:\/\/www.aebentodacruz.pt\/biblioteca\/wp-content\/uploads\/2023\/04\/4751965-768x512.jpg 768w, https:\/\/www.aebentodacruz.pt\/biblioteca\/wp-content\/uploads\/2023\/04\/4751965-1536x1024.jpg 1536w, https:\/\/www.aebentodacruz.pt\/biblioteca\/wp-content\/uploads\/2023\/04\/4751965-2048x1365.jpg 2048w, https:\/\/www.aebentodacruz.pt\/biblioteca\/wp-content\/uploads\/2023\/04\/4751965-930x620.jpg 930w\" sizes=\"(max-width: 1024px) 100vw, 1024px\" \/>\t\t\t\t\t\t\t\t<\/a>\n\t\t\t\t\t\t\t\t\t\t\t\t\t\t\t<\/div>\n\t\t\t\t<\/div>\n\t\t\t\t\t<\/div>\n\t\t<\/div>\n\t\t\t\t<div class=\"elementor-column elementor-col-50 elementor-top-column elementor-element elementor-element-42413ea\" data-id=\"42413ea\" data-element_type=\"column\" data-e-type=\"column\">\n\t\t\t<div class=\"elementor-widget-wrap elementor-element-populated\">\n\t\t\t\t\t\t<div class=\"elementor-element elementor-element-95ff6c4 elementor-widget elementor-widget-heading\" data-id=\"95ff6c4\" data-element_type=\"widget\" data-e-type=\"widget\" data-widget_type=\"heading.default\">\n\t\t\t\t<div class=\"elementor-widget-container\">\n\t\t\t\t\t<h2 class=\"elementor-heading-title elementor-size-default\"><a href=\"https:\/\/aebentodacruz-my.sharepoint.com\/:b:\/g\/personal\/isabelgouveia_aebentodacruz_pt\/IQANtYc5xc_jT7VcPKfv_CXGAX-SEVWGiJ3zyEopHTTkYrU?e=21b7gn\" target=\"_blank\">Plano Anual de Atividades<\/a><\/h2>\t\t\t\t<\/div>\n\t\t\t\t<\/div>\n\t\t\t\t<div class=\"elementor-element elementor-element-b9b0a24 elementor-widget elementor-widget-image\" data-id=\"b9b0a24\" data-element_type=\"widget\" data-e-type=\"widget\" data-widget_type=\"image.default\">\n\t\t\t\t<div class=\"elementor-widget-container\">\n\t\t\t\t\t\t\t\t\t\t\t\t\t\t\t\t<a href=\"https:\/\/aebentodacruz.pt\/biblioteca\/wp-content\/uploads\/2024\/10\/PAA_BEAEBC_-2024-2025.pdf\" target=\"_blank\">\n\t\t\t\t\t\t\t<img decoding=\"async\" src=\"https:\/\/www.aebentodacruz.pt\/biblioteca\/wp-content\/uploads\/elementor\/thumbs\/2011.i301.044.Language-courses-isometric-background-scaled-q4xb8s2npwz4jr9lkl17q544wwkhnp9sz3y4vagulk.jpg\" title=\"Language Courses Isometric Background\" alt=\"Learning language online using digital textbooks video games dictionary on tablet smartphone isometric background composition vector illustration\" loading=\"lazy\" \/>\t\t\t\t\t\t\t\t<\/a>\n\t\t\t\t\t\t\t\t\t\t\t\t\t\t\t<\/div>\n\t\t\t\t<\/div>\n\t\t\t\t\t<\/div>\n\t\t<\/div>\n\t\t\t\t\t<\/div>\n\t\t<\/section>\n\t\t\t\t<section class=\"elementor-section elementor-top-section elementor-element elementor-element-f6dfe4d elementor-section-boxed elementor-section-height-default elementor-section-height-default\" data-id=\"f6dfe4d\" data-element_type=\"section\" data-e-type=\"section\">\n\t\t\t\t\t\t<div class=\"elementor-container elementor-column-gap-default\">\n\t\t\t\t\t<div class=\"elementor-column elementor-col-16 elementor-top-column elementor-element elementor-element-3a20512\" data-id=\"3a20512\" data-element_type=\"column\" data-e-type=\"column\">\n\t\t\t<div class=\"elementor-widget-wrap elementor-element-populated\">\n\t\t\t\t\t\t<div class=\"elementor-element elementor-element-422bade elementor-widget elementor-widget-heading\" data-id=\"422bade\" data-element_type=\"widget\" data-e-type=\"widget\" data-widget_type=\"heading.default\">\n\t\t\t\t<div class=\"elementor-widget-container\">\n\t\t\t\t\t<h2 class=\"elementor-heading-title elementor-size-default\"><a href=\"https:\/\/aebentodacruz-my.sharepoint.com\/:b:\/g\/personal\/isabelgouveia_aebentodacruz_pt\/IQA-A9Nujg6xRYRDHo9b3wHfAafax9BXcmBz7NeNVwsNAAM?e=SRZK6h\">Manual de Procedimentos da BEM<\/a><\/h2>\t\t\t\t<\/div>\n\t\t\t\t<\/div>\n\t\t\t\t\t<\/div>\n\t\t<\/div>\n\t\t\t\t<div class=\"elementor-column elementor-col-16 elementor-top-column elementor-element elementor-element-43936f7\" data-id=\"43936f7\" data-element_type=\"column\" data-e-type=\"column\">\n\t\t\t<div class=\"elementor-widget-wrap elementor-element-populated\">\n\t\t\t\t\t\t<div class=\"elementor-element elementor-element-e811942 elementor-widget elementor-widget-heading\" data-id=\"e811942\" data-element_type=\"widget\" data-e-type=\"widget\" data-widget_type=\"heading.default\">\n\t\t\t\t<div class=\"elementor-widget-container\">\n\t\t\t\t\t<h2 class=\"elementor-heading-title elementor-size-default\"><a href=\"https:\/\/aebentodacruz-my.sharepoint.com\/:b:\/g\/personal\/isabelgouveia_aebentodacruz_pt\/IQCbfJcTvM7MS71L2UpB4neDAff4CMtRT6lfU4Y02bJwfdY?e=F017pO\"><b>Regimento Interno da BE<\/b><\/a><\/h2>\t\t\t\t<\/div>\n\t\t\t\t<\/div>\n\t\t\t\t\t<\/div>\n\t\t<\/div>\n\t\t\t\t<div class=\"elementor-column elementor-col-16 elementor-top-column elementor-element elementor-element-953c5f9\" data-id=\"953c5f9\" data-element_type=\"column\" data-e-type=\"column\">\n\t\t\t<div class=\"elementor-widget-wrap elementor-element-populated\">\n\t\t\t\t\t\t<div class=\"elementor-element elementor-element-16e4268 elementor-widget elementor-widget-heading\" data-id=\"16e4268\" data-element_type=\"widget\" data-e-type=\"widget\" data-widget_type=\"heading.default\">\n\t\t\t\t<div class=\"elementor-widget-container\">\n\t\t\t\t\t<h2 class=\"elementor-heading-title elementor-size-default\"><a href=\"https:\/\/aebentodacruz-my.sharepoint.com\/:b:\/g\/personal\/isabelgouveia_aebentodacruz_pt\/IQDBloDR_mmgRI7irmujvN8RARYmoqVMUTwKR04jfLywLs4?e=Wee8hm\">Regimento da BE Centro Escolar<\/a><\/h2>\t\t\t\t<\/div>\n\t\t\t\t<\/div>\n\t\t\t\t\t<\/div>\n\t\t<\/div>\n\t\t\t\t<div class=\"elementor-column elementor-col-16 elementor-top-column elementor-element elementor-element-faaa34f\" data-id=\"faaa34f\" data-element_type=\"column\" data-e-type=\"column\">\n\t\t\t<div class=\"elementor-widget-wrap elementor-element-populated\">\n\t\t\t\t\t\t<div class=\"elementor-element elementor-element-8035ba6 elementor-widget elementor-widget-heading\" data-id=\"8035ba6\" data-element_type=\"widget\" data-e-type=\"widget\" data-widget_type=\"heading.default\">\n\t\t\t\t<div class=\"elementor-widget-container\">\n\t\t\t\t\t<h2 class=\"elementor-heading-title elementor-size-default\"><a href=\"https:\/\/aebentodacruz-my.sharepoint.com\/:b:\/g\/personal\/isabelgouveia_aebentodacruz_pt\/IQC33Mze4xonRrlhMQ64XlaNARA93HFPrLSxkK1nizFxpjU?e=g08hcw\"><b>Plano de A\u00e7\u00e3o BE<\/b><\/a><\/h2>\t\t\t\t<\/div>\n\t\t\t\t<\/div>\n\t\t\t\t\t<\/div>\n\t\t<\/div>\n\t\t\t\t<div class=\"elementor-column elementor-col-16 elementor-top-column elementor-element elementor-element-481f923\" data-id=\"481f923\" data-element_type=\"column\" data-e-type=\"column\">\n\t\t\t<div class=\"elementor-widget-wrap elementor-element-populated\">\n\t\t\t\t\t\t<div class=\"elementor-element elementor-element-a21ed43 elementor-widget elementor-widget-heading\" data-id=\"a21ed43\" data-element_type=\"widget\" data-e-type=\"widget\" data-widget_type=\"heading.default\">\n\t\t\t\t<div class=\"elementor-widget-container\">\n\t\t\t\t\t<h2 class=\"elementor-heading-title elementor-size-default\"><a href=\"https:\/\/aebentodacruz-my.sharepoint.com\/:b:\/g\/personal\/isabelgouveia_aebentodacruz_pt\/IQCbwOw8-L4sTLaUCV2_rdPPAQw1EEhKArxexnT_-3Jp8F8?e=Fd1fXH\">Plano de Marketing<\/a><\/h2>\t\t\t\t<\/div>\n\t\t\t\t<\/div>\n\t\t\t\t\t<\/div>\n\t\t<\/div>\n\t\t\t\t<div class=\"elementor-column elementor-col-16 elementor-top-column elementor-element elementor-element-09a44fc\" data-id=\"09a44fc\" data-element_type=\"column\" data-e-type=\"column\">\n\t\t\t<div class=\"elementor-widget-wrap elementor-element-populated\">\n\t\t\t\t\t\t<div class=\"elementor-element elementor-element-5970dc0 elementor-widget elementor-widget-heading\" data-id=\"5970dc0\" data-element_type=\"widget\" data-e-type=\"widget\" data-widget_type=\"heading.default\">\n\t\t\t\t<div class=\"elementor-widget-container\">\n\t\t\t\t\t<h2 class=\"elementor-heading-title elementor-size-default\"><a href=\"https:\/\/aebentodacruz-my.sharepoint.com\/:b:\/g\/personal\/isabelgouveia_aebentodacruz_pt\/IQCLma0-NzbeS7ZmAyy5dnMOAS7VDKTRqz8KdUbuU5Hojik?e=cOSxDZ\">Avalia\u00e7\u00e3o BE 2024-2025<\/a><\/h2>\t\t\t\t<\/div>\n\t\t\t\t<\/div>\n\t\t\t\t\t<\/div>\n\t\t<\/div>\n\t\t\t\t\t<\/div>\n\t\t<\/section>\n\t\t\t\t<section class=\"elementor-section elementor-top-section elementor-element elementor-element-cde2f95 elementor-section-boxed elementor-section-height-default elementor-section-height-default\" data-id=\"cde2f95\" data-element_type=\"section\" data-e-type=\"section\">\n\t\t\t\t\t\t<div class=\"elementor-container elementor-column-gap-default\">\n\t\t\t\t\t<div class=\"elementor-column elementor-col-100 elementor-top-column elementor-element elementor-element-bf5030b\" data-id=\"bf5030b\" data-element_type=\"column\" data-e-type=\"column\">\n\t\t\t<div class=\"elementor-widget-wrap elementor-element-populated\">\n\t\t\t\t\t\t<div class=\"elementor-element elementor-element-f0e5d59 elementor-widget-divider--view-line_icon elementor-view-default elementor-widget-divider--element-align-center elementor-widget elementor-widget-divider\" data-id=\"f0e5d59\" data-element_type=\"widget\" data-e-type=\"widget\" data-widget_type=\"divider.default\">\n\t\t\t\t<div class=\"elementor-widget-container\">\n\t\t\t\t\t\t\t<div class=\"elementor-divider\">\n\t\t\t<span class=\"elementor-divider-separator\">\n\t\t\t\t\t\t\t<div class=\"elementor-icon elementor-divider__element\">\n\t\t\t\t\t<i aria-hidden=\"true\" class=\"fas fa-arrow-alt-circle-up\"><\/i><\/div>\n\t\t\t\t\t\t<\/span>\n\t\t<\/div>\n\t\t\t\t\t\t<\/div>\n\t\t\t\t<\/div>\n\t\t\t\t\t<\/div>\n\t\t<\/div>\n\t\t\t\t\t<\/div>\n\t\t<\/section>\n\t\t\t\t<\/div>\n\t\t","protected":false},"excerpt":{"rendered":"<p>Documentos Orientadores Neste espa\u00e7o encontram-se dispon\u00edveis os documentos que orientam todo o trabalho inerente \u00e0 Biblioteca Escolar do AEBC. Regulamento BE Guia do Utilizador Plano de Melhoria Plano Anual de&hellip;&nbsp;<a href=\"https:\/\/www.aebentodacruz.pt\/biblioteca\/docs-orientadores\/\" rel=\"bookmark\">Ler mais &raquo;<span class=\"screen-reader-text\">Docs Orientadores<\/span><\/a><\/p>\n","protected":false},"author":2,"featured_media":0,"parent":0,"menu_order":0,"comment_status":"closed","ping_status":"closed","template":"page-templates\/template-pagebuilder-full-width.php","meta":{"neve_meta_sidebar":"","neve_meta_container":"","neve_meta_enable_content_width":"off","neve_meta_content_width":100,"neve_meta_title_alignment":"","neve_meta_author_avatar":"","neve_post_elements_order":"","neve_meta_disable_header":"","neve_meta_disable_footer":"","neve_meta_disable_title":"","footnotes":""},"class_list":["post-1326","page","type-page","status-publish","hentry"],"_links":{"self":[{"href":"https:\/\/www.aebentodacruz.pt\/biblioteca\/wp-json\/wp\/v2\/pages\/1326","targetHints":{"allow":["GET"]}}],"collection":[{"href":"https:\/\/www.aebentodacruz.pt\/biblioteca\/wp-json\/wp\/v2\/pages"}],"about":[{"href":"https:\/\/www.aebentodacruz.pt\/biblioteca\/wp-json\/wp\/v2\/types\/page"}],"author":[{"embeddable":true,"href":"https:\/\/www.aebentodacruz.pt\/biblioteca\/wp-json\/wp\/v2\/users\/2"}],"replies":[{"embeddable":true,"href":"https:\/\/www.aebentodacruz.pt\/biblioteca\/wp-json\/wp\/v2\/comments?post=1326"}],"version-history":[{"count":127,"href":"https:\/\/www.aebentodacruz.pt\/biblioteca\/wp-json\/wp\/v2\/pages\/1326\/revisions"}],"predecessor-version":[{"id":3198,"href":"https:\/\/www.aebentodacruz.pt\/biblioteca\/wp-json\/wp\/v2\/pages\/1326\/revisions\/3198"}],"wp:attachment":[{"href":"https:\/\/www.aebentodacruz.pt\/biblioteca\/wp-json\/wp\/v2\/media?parent=1326"}],"curies":[{"name":"wp","href":"https:\/\/api.w.org\/{rel}","templated":true}]}}