{"id":229,"date":"2024-05-01T18:12:08","date_gmt":"2024-05-01T18:12:08","guid":{"rendered":"https:\/\/aebentodacruz.pt\/eqavet\/?page_id=229"},"modified":"2024-05-08T15:26:24","modified_gmt":"2024-05-08T15:26:24","slug":"principios-e-valores","status":"publish","type":"page","link":"https:\/\/www.aebentodacruz.pt\/eqavet\/principios-e-valores\/","title":{"rendered":"Princ\u00edpios e Valores"},"content":{"rendered":"\t\t<div data-elementor-type=\"wp-page\" data-elementor-id=\"229\" class=\"elementor elementor-229\">\n\t\t\t\t<div class=\"elementor-element elementor-element-7ea78d5 e-con-full e-flex e-con e-parent\" data-id=\"7ea78d5\" data-element_type=\"container\" data-e-type=\"container\">\n\t\t\t\t<div class=\"elementor-element elementor-element-3b4c7cf elementor-widget elementor-widget-image\" data-id=\"3b4c7cf\" data-element_type=\"widget\" data-e-type=\"widget\" data-widget_type=\"image.default\">\n\t\t\t\t<div class=\"elementor-widget-container\">\n\t\t\t\t\t\t\t\t\t\t\t\t\t\t\t<img decoding=\"async\" src=\"https:\/\/www.aebentodacruz.pt\/eqavet\/wp-content\/uploads\/elementor\/thumbs\/escola-qnv50sd75sd1hantc5uaapcsp6h7b58bhs81paj6jg.png\" title=\"escola\" alt=\"escola\" loading=\"lazy\" \/>\t\t\t\t\t\t\t\t\t\t\t\t\t\t\t<\/div>\n\t\t\t\t<\/div>\n\t\t\t\t<\/div>\n\t\t<div class=\"elementor-element elementor-element-8411e4f e-flex e-con-boxed e-con e-parent\" data-id=\"8411e4f\" data-element_type=\"container\" data-e-type=\"container\">\n\t\t\t\t\t<div class=\"e-con-inner\">\n\t\t\t\t<div class=\"elementor-element elementor-element-f50d2fa elementor-widget elementor-widget-heading\" data-id=\"f50d2fa\" data-element_type=\"widget\" data-e-type=\"widget\" data-widget_type=\"heading.default\">\n\t\t\t\t<div class=\"elementor-widget-container\">\n\t\t\t\t\t<h2 class=\"elementor-heading-title elementor-size-default\">Princ\u00edpios e Valores<\/h2>\t\t\t\t<\/div>\n\t\t\t\t<\/div>\n\t\t\t\t\t<\/div>\n\t\t\t\t<\/div>\n\t\t<div class=\"elementor-element elementor-element-3dc132a e-flex e-con-boxed e-con e-parent\" data-id=\"3dc132a\" data-element_type=\"container\" data-e-type=\"container\">\n\t\t\t\t\t<div class=\"e-con-inner\">\n\t\t\t\t<div class=\"elementor-element elementor-element-c6e79d1 elementor-widget elementor-widget-text-editor\" data-id=\"c6e79d1\" data-element_type=\"widget\" data-e-type=\"widget\" data-widget_type=\"text-editor.default\">\n\t\t\t\t<div class=\"elementor-widget-container\">\n\t\t\t\t\t\t\t\t\t<p class=\"font_8 wixui-rich-text__text\">O AEDBC-M incrementa, no desenvolvimento da sua atividade letiva e n\u00e3o letiva, os seguintes princ\u00edpios e valores:<\/p><p class=\"font_8 wixui-rich-text__text\">\u2022 Equidade,<\/p><p class=\"font_8 wixui-rich-text__text\">\u2022 Inclus\u00e3o,<\/p><p class=\"font_8 wixui-rich-text__text\">\u2022 Respeito,<\/p><p class=\"font_8 wixui-rich-text__text\">\u2022 Responsabilidade e Integridade,<\/p><p class=\"font_8 wixui-rich-text__text\">\u2022 Excel\u00eancia e Exig\u00eancia,<\/p><p class=\"font_8 wixui-rich-text__text\">\u2022 Curiosidade, Reflex\u00e3o e Inova\u00e7\u00e3o,<\/p><p class=\"font_8 wixui-rich-text__text\">\u2022 Cidadania e Participa\u00e7\u00e3o,<\/p><p>\u2022 Liberdade.<\/p>\t\t\t\t\t\t\t\t<\/div>\n\t\t\t\t<\/div>\n\t\t\t\t\t<\/div>\n\t\t\t\t<\/div>\n\t\t\t\t<\/div>\n\t\t","protected":false},"excerpt":{"rendered":"<p>Princ\u00edpios e Valores O AEDBC-M incrementa, no desenvolvimento da sua atividade letiva e n\u00e3o letiva, os seguintes princ\u00edpios e valores: \u2022 Equidade, \u2022 Inclus\u00e3o, \u2022 Respeito, \u2022 Responsabilidade e Integridade, \u2022 Excel\u00eancia e Exig\u00eancia, \u2022 Curiosidade, Reflex\u00e3o e Inova\u00e7\u00e3o, \u2022 Cidadania e Participa\u00e7\u00e3o, \u2022 Liberdade.<\/p>\n","protected":false},"author":2,"featured_media":0,"parent":0,"menu_order":0,"comment_status":"closed","ping_status":"closed","template":"page-templates\/full-width-container.php","meta":{"footnotes":""},"class_list":["post-229","page","type-page","status-publish","hentry"],"_links":{"self":[{"href":"https:\/\/www.aebentodacruz.pt\/eqavet\/wp-json\/wp\/v2\/pages\/229","targetHints":{"allow":["GET"]}}],"collection":[{"href":"https:\/\/www.aebentodacruz.pt\/eqavet\/wp-json\/wp\/v2\/pages"}],"about":[{"href":"https:\/\/www.aebentodacruz.pt\/eqavet\/wp-json\/wp\/v2\/types\/page"}],"author":[{"embeddable":true,"href":"https:\/\/www.aebentodacruz.pt\/eqavet\/wp-json\/wp\/v2\/users\/2"}],"replies":[{"embeddable":true,"href":"https:\/\/www.aebentodacruz.pt\/eqavet\/wp-json\/wp\/v2\/comments?post=229"}],"version-history":[{"count":7,"href":"https:\/\/www.aebentodacruz.pt\/eqavet\/wp-json\/wp\/v2\/pages\/229\/revisions"}],"predecessor-version":[{"id":569,"href":"https:\/\/www.aebentodacruz.pt\/eqavet\/wp-json\/wp\/v2\/pages\/229\/revisions\/569"}],"wp:attachment":[{"href":"https:\/\/www.aebentodacruz.pt\/eqavet\/wp-json\/wp\/v2\/media?parent=229"}],"curies":[{"name":"wp","href":"https:\/\/api.w.org\/{rel}","templated":true}]}}