{"id":243,"date":"2024-05-01T18:19:38","date_gmt":"2024-05-01T18:19:38","guid":{"rendered":"https:\/\/aebentodacruz.pt\/eqavet\/?page_id=243"},"modified":"2025-01-31T18:43:03","modified_gmt":"2025-01-31T18:43:03","slug":"parceiros-2","status":"publish","type":"page","link":"https:\/\/www.aebentodacruz.pt\/eqavet\/parceiros-2\/","title":{"rendered":"Parceiros"},"content":{"rendered":"\t\t<div data-elementor-type=\"wp-page\" data-elementor-id=\"243\" class=\"elementor elementor-243\">\n\t\t\t\t<div class=\"elementor-element elementor-element-7ea78d5 e-flex e-con-boxed e-con e-parent\" data-id=\"7ea78d5\" data-element_type=\"container\" data-e-type=\"container\">\n\t\t\t\t\t<div class=\"e-con-inner\">\n\t\t\t\t<div class=\"elementor-element elementor-element-3b4c7cf elementor-widget elementor-widget-image\" data-id=\"3b4c7cf\" data-element_type=\"widget\" data-e-type=\"widget\" data-widget_type=\"image.default\">\n\t\t\t\t<div class=\"elementor-widget-container\">\n\t\t\t\t\t\t\t\t\t\t\t\t\t\t\t<img decoding=\"async\" src=\"https:\/\/www.aebentodacruz.pt\/eqavet\/wp-content\/uploads\/elementor\/thumbs\/pexels-photo-1595385-qmikr2gfv7d9tn7lezip0tgzlahjm6uh0zs83ox0po-qnv22nf9g92giety3s7u8zk1xvm55ivfwgb9vhwj4s.jpeg\" title=\"pexels-photo-1595385-qmikr2gfv7d9tn7lezip0tgzlahjm6uh0zs83ox0po\" alt=\"pexels-photo-1595385-qmikr2gfv7d9tn7lezip0tgzlahjm6uh0zs83ox0po\" loading=\"lazy\" \/>\t\t\t\t\t\t\t\t\t\t\t\t\t\t\t<\/div>\n\t\t\t\t<\/div>\n\t\t\t\t\t<\/div>\n\t\t\t\t<\/div>\n\t\t<div class=\"elementor-element elementor-element-8411e4f e-flex e-con-boxed e-con e-parent\" data-id=\"8411e4f\" data-element_type=\"container\" data-e-type=\"container\">\n\t\t\t\t\t<div class=\"e-con-inner\">\n\t\t\t\t<div class=\"elementor-element elementor-element-f50d2fa elementor-widget elementor-widget-heading\" data-id=\"f50d2fa\" data-element_type=\"widget\" data-e-type=\"widget\" data-widget_type=\"heading.default\">\n\t\t\t\t<div class=\"elementor-widget-container\">\n\t\t\t\t\t<h2 class=\"elementor-heading-title elementor-size-default\">Parceiros<\/h2>\t\t\t\t<\/div>\n\t\t\t\t<\/div>\n\t\t\t\t\t<\/div>\n\t\t\t\t<\/div>\n\t\t<div class=\"elementor-element elementor-element-3dc132a e-flex e-con-boxed e-con e-parent\" data-id=\"3dc132a\" data-element_type=\"container\" data-e-type=\"container\">\n\t\t\t\t\t<div class=\"e-con-inner\">\n\t\t\t\t<div class=\"elementor-element elementor-element-c6e79d1 elementor-widget elementor-widget-text-editor\" data-id=\"c6e79d1\" data-element_type=\"widget\" data-e-type=\"widget\" data-widget_type=\"text-editor.default\">\n\t\t\t\t<div class=\"elementor-widget-container\">\n\t\t\t\t\t\t\t\t\t<p class=\"font_9 wixui-rich-text__text\"><span class=\"wixui-rich-text__text\"><span class=\"color_15 wixui-rich-text__text\">Com vista \u00e0 melhoria da presta\u00e7\u00e3o do servi\u00e7o educativo, o Agrupamento tem estabelecido diversas parcerias e protocolos. Neste \u00e2mbito, temos como parceiros:<\/span><\/span><\/p><p class=\"font_8 wixui-rich-text__text\"><span class=\"wixui-rich-text__text\">\u2022 Associa\u00e7\u00e3o de Pais e Encarregados de Educa\u00e7\u00e3o;<\/span><\/p><p class=\"font_8 wixui-rich-text__text\"><span class=\"wixui-rich-text__text\">\u2022 Associa\u00e7\u00e3o Empresarial do Alto T\u00e2mega (ACISAT);<\/span><\/p><p class=\"font_8 wixui-rich-text__text\"><span class=\"wixui-rich-text__text\">\u2022 Bombeiros Volunt\u00e1rios de Montalegre;<\/span><\/p><p class=\"font_8 wixui-rich-text__text\"><span class=\"wixui-rich-text__text\">\u2022 C\u00e2mara Municipal de Montalegre;<\/span><\/p><p class=\"font_8 wixui-rich-text__text\"><span class=\"wixui-rich-text__text\">\u2022 Centro de Forma\u00e7\u00e3o de Basto;<\/span><\/p><p class=\"font_8 wixui-rich-text__text\"><span class=\"wixui-rich-text__text\">\u2022 Centro de Sa\u00fade de Montalegre;<\/span><\/p><p class=\"font_8 wixui-rich-text__text\"><span class=\"wixui-rich-text__text\">\u2022 Comunidade Intermunicipal do Alto T\u00e2mega e Barroso;<\/span><\/p><p class=\"font_8 wixui-rich-text__text\"><span class=\"wixui-rich-text__text\">\u2022 Comiss\u00e3o de Prote\u00e7\u00e3o de Crian\u00e7as e Jovens;<\/span><\/p><p class=\"font_8 wixui-rich-text__text\"><span class=\"wixui-rich-text__text\">\u2022 Cruz Vermelha Portuguesa;<\/span><\/p><p class=\"font_8 wixui-rich-text__text\"><span class=\"wixui-rich-text__text\">\u2022 Ecomuseu de Barroso;<\/span><\/p><p class=\"font_8 wixui-rich-text__text\"><span class=\"wixui-rich-text__text\">\u2022 EDP;<\/span><\/p><p class=\"font_8 wixui-rich-text__text\"><span class=\"wixui-rich-text__text\">\u2022 Empresas locais e municipais;<\/span><\/p><p class=\"font_8 wixui-rich-text__text\"><span class=\"wixui-rich-text__text\">\u2022 Estabelecimentos hoteleiros locais e regionais;<\/span><\/p><p class=\"font_8 wixui-rich-text__text\"><span class=\"wixui-rich-text__text\">\u2022 Guarda Nacional Republicana;<\/span><\/p><p class=\"font_8 wixui-rich-text__text\"><span class=\"wixui-rich-text__text\">\u2022 Parque Nacional da Peneda-Ger\u00eas;<\/span><\/p><p class=\"font_8 wixui-rich-text__text\"><span class=\"wixui-rich-text__text\">\u2022 Universidade do Minho.<\/span><\/p><p class=\"font_9 wixui-rich-text__text\"><span class=\"wixui-rich-text__text\"><span class=\"color_15 wixui-rich-text__text\">Em rela\u00e7\u00e3o aos cursos profissionais, o Agrupamento tem conseguido celebrar protocolos com empresas locais e nos concelhos lim\u00edtrofes, sendo importante salientar que no final da forma\u00e7\u00e3o, em contexto de trabalho, a maioria das empresas convida os alunos a celebrar contratos de trabalho.<\/span><\/span><\/p>\t\t\t\t\t\t\t\t<\/div>\n\t\t\t\t<\/div>\n\t\t\t\t\t<\/div>\n\t\t\t\t<\/div>\n\t\t<div class=\"elementor-element elementor-element-d498f54 e-grid e-con-boxed e-con e-parent\" data-id=\"d498f54\" data-element_type=\"container\" data-e-type=\"container\">\n\t\t\t\t\t<div class=\"e-con-inner\">\n\t\t\t\t<div class=\"elementor-element elementor-element-687df6a elementor-widget elementor-widget-image\" data-id=\"687df6a\" data-element_type=\"widget\" data-e-type=\"widget\" data-widget_type=\"image.default\">\n\t\t\t\t<div class=\"elementor-widget-container\">\n\t\t\t\t\t\t\t\t\t\t\t\t\t\t\t<img fetchpriority=\"high\" decoding=\"async\" width=\"420\" height=\"215\" src=\"https:\/\/www.aebentodacruz.pt\/eqavet\/wp-content\/uploads\/2024\/05\/intermarche.png\" class=\"attachment-large size-large wp-image-254\" alt=\"\" srcset=\"https:\/\/www.aebentodacruz.pt\/eqavet\/wp-content\/uploads\/2024\/05\/intermarche.png 420w, https:\/\/www.aebentodacruz.pt\/eqavet\/wp-content\/uploads\/2024\/05\/intermarche-300x154.png 300w\" sizes=\"(max-width: 420px) 100vw, 420px\" \/>\t\t\t\t\t\t\t\t\t\t\t\t\t\t\t<\/div>\n\t\t\t\t<\/div>\n\t\t\t\t<div class=\"elementor-element elementor-element-f0230c5 elementor-widget elementor-widget-image\" data-id=\"f0230c5\" data-element_type=\"widget\" data-e-type=\"widget\" data-widget_type=\"image.default\">\n\t\t\t\t<div class=\"elementor-widget-container\">\n\t\t\t\t\t\t\t\t\t\t\t\t\t\t\t<img decoding=\"async\" width=\"331\" height=\"228\" src=\"https:\/\/www.aebentodacruz.pt\/eqavet\/wp-content\/uploads\/2024\/05\/catonho.png\" class=\"attachment-large size-large wp-image-253\" alt=\"\" srcset=\"https:\/\/www.aebentodacruz.pt\/eqavet\/wp-content\/uploads\/2024\/05\/catonho.png 331w, https:\/\/www.aebentodacruz.pt\/eqavet\/wp-content\/uploads\/2024\/05\/catonho-300x207.png 300w\" sizes=\"(max-width: 331px) 100vw, 331px\" \/>\t\t\t\t\t\t\t\t\t\t\t\t\t\t\t<\/div>\n\t\t\t\t<\/div>\n\t\t\t\t<div class=\"elementor-element elementor-element-83fdb17 elementor-widget elementor-widget-image\" data-id=\"83fdb17\" data-element_type=\"widget\" data-e-type=\"widget\" data-widget_type=\"image.default\">\n\t\t\t\t<div class=\"elementor-widget-container\">\n\t\t\t\t\t\t\t\t\t\t\t\t\t\t\t<img decoding=\"async\" width=\"289\" height=\"194\" src=\"https:\/\/www.aebentodacruz.pt\/eqavet\/wp-content\/uploads\/2024\/05\/belmiras.png\" class=\"attachment-large size-large wp-image-252\" alt=\"\" \/>\t\t\t\t\t\t\t\t\t\t\t\t\t\t\t<\/div>\n\t\t\t\t<\/div>\n\t\t\t\t<div class=\"elementor-element elementor-element-8d2ae76 elementor-widget elementor-widget-image\" data-id=\"8d2ae76\" data-element_type=\"widget\" data-e-type=\"widget\" data-widget_type=\"image.default\">\n\t\t\t\t<div class=\"elementor-widget-container\">\n\t\t\t\t\t\t\t\t\t\t\t\t\t\t\t<img loading=\"lazy\" decoding=\"async\" width=\"448\" height=\"293\" src=\"https:\/\/www.aebentodacruz.pt\/eqavet\/wp-content\/uploads\/2024\/05\/restaurante.png\" class=\"attachment-large size-large wp-image-258\" alt=\"\" srcset=\"https:\/\/www.aebentodacruz.pt\/eqavet\/wp-content\/uploads\/2024\/05\/restaurante.png 448w, https:\/\/www.aebentodacruz.pt\/eqavet\/wp-content\/uploads\/2024\/05\/restaurante-300x196.png 300w, https:\/\/www.aebentodacruz.pt\/eqavet\/wp-content\/uploads\/2024\/05\/restaurante-368x240.png 368w\" sizes=\"(max-width: 448px) 100vw, 448px\" \/>\t\t\t\t\t\t\t\t\t\t\t\t\t\t\t<\/div>\n\t\t\t\t<\/div>\n\t\t\t\t<div class=\"elementor-element elementor-element-dd73e63 elementor-widget elementor-widget-image\" data-id=\"dd73e63\" data-element_type=\"widget\" data-e-type=\"widget\" data-widget_type=\"image.default\">\n\t\t\t\t<div class=\"elementor-widget-container\">\n\t\t\t\t\t\t\t\t\t\t\t\t\t\t\t<img loading=\"lazy\" decoding=\"async\" width=\"286\" height=\"186\" src=\"https:\/\/www.aebentodacruz.pt\/eqavet\/wp-content\/uploads\/2024\/05\/trocados.png\" class=\"attachment-large size-large wp-image-256\" alt=\"\" \/>\t\t\t\t\t\t\t\t\t\t\t\t\t\t\t<\/div>\n\t\t\t\t<\/div>\n\t\t\t\t<div class=\"elementor-element elementor-element-fc550f7 elementor-widget elementor-widget-image\" data-id=\"fc550f7\" data-element_type=\"widget\" data-e-type=\"widget\" data-widget_type=\"image.default\">\n\t\t\t\t<div class=\"elementor-widget-container\">\n\t\t\t\t\t\t\t\t\t\t\t\t\t\t\t<img loading=\"lazy\" decoding=\"async\" width=\"282\" height=\"331\" src=\"https:\/\/www.aebentodacruz.pt\/eqavet\/wp-content\/uploads\/2024\/05\/tasquinha.png\" class=\"attachment-large size-large wp-image-257\" alt=\"\" srcset=\"https:\/\/www.aebentodacruz.pt\/eqavet\/wp-content\/uploads\/2024\/05\/tasquinha.png 282w, https:\/\/www.aebentodacruz.pt\/eqavet\/wp-content\/uploads\/2024\/05\/tasquinha-256x300.png 256w\" sizes=\"(max-width: 282px) 100vw, 282px\" \/>\t\t\t\t\t\t\t\t\t\t\t\t\t\t\t<\/div>\n\t\t\t\t<\/div>\n\t\t\t\t<div class=\"elementor-element elementor-element-56362b7 elementor-widget elementor-widget-image\" data-id=\"56362b7\" data-element_type=\"widget\" data-e-type=\"widget\" data-widget_type=\"image.default\">\n\t\t\t\t<div class=\"elementor-widget-container\">\n\t\t\t\t\t\t\t\t\t\t\t\t\t\t\t<img loading=\"lazy\" decoding=\"async\" width=\"640\" height=\"143\" src=\"https:\/\/www.aebentodacruz.pt\/eqavet\/wp-content\/uploads\/2024\/05\/papelaria.png\" class=\"attachment-large size-large wp-image-255\" alt=\"\" srcset=\"https:\/\/www.aebentodacruz.pt\/eqavet\/wp-content\/uploads\/2024\/05\/papelaria.png 677w, https:\/\/www.aebentodacruz.pt\/eqavet\/wp-content\/uploads\/2024\/05\/papelaria-300x67.png 300w\" sizes=\"(max-width: 640px) 100vw, 640px\" \/>\t\t\t\t\t\t\t\t\t\t\t\t\t\t\t<\/div>\n\t\t\t\t<\/div>\n\t\t\t\t<div class=\"elementor-element elementor-element-ce642ba elementor-widget elementor-widget-image\" data-id=\"ce642ba\" data-element_type=\"widget\" data-e-type=\"widget\" data-widget_type=\"image.default\">\n\t\t\t\t<div class=\"elementor-widget-container\">\n\t\t\t\t\t\t\t\t\t\t\t\t\t\t\t<img loading=\"lazy\" decoding=\"async\" width=\"251\" height=\"81\" src=\"https:\/\/www.aebentodacruz.pt\/eqavet\/wp-content\/uploads\/2025\/01\/AT_INTER_Horizontal.png\" class=\"attachment-large size-large wp-image-790\" alt=\"\" \/>\t\t\t\t\t\t\t\t\t\t\t\t\t\t\t<\/div>\n\t\t\t\t<\/div>\n\t\t\t\t\t<\/div>\n\t\t\t\t<\/div>\n\t\t\t\t<\/div>\n\t\t","protected":false},"excerpt":{"rendered":"<p>Parceiros Com vista \u00e0 melhoria da presta\u00e7\u00e3o do servi\u00e7o educativo, o Agrupamento tem estabelecido diversas parcerias e protocolos. Neste \u00e2mbito, temos como parceiros: \u2022 Associa\u00e7\u00e3o de Pais e Encarregados de Educa\u00e7\u00e3o; \u2022 Associa\u00e7\u00e3o Empresarial do Alto T\u00e2mega (ACISAT); \u2022 Bombeiros Volunt\u00e1rios de Montalegre; \u2022 C\u00e2mara Municipal de Montalegre; \u2022 Centro de Forma\u00e7\u00e3o de Basto; \u2022 Centro de Sa\u00fade de Montalegre; [&hellip;]<\/p>\n","protected":false},"author":2,"featured_media":0,"parent":0,"menu_order":0,"comment_status":"closed","ping_status":"closed","template":"page-templates\/full-width-container.php","meta":{"footnotes":""},"class_list":["post-243","page","type-page","status-publish","hentry"],"_links":{"self":[{"href":"https:\/\/www.aebentodacruz.pt\/eqavet\/wp-json\/wp\/v2\/pages\/243","targetHints":{"allow":["GET"]}}],"collection":[{"href":"https:\/\/www.aebentodacruz.pt\/eqavet\/wp-json\/wp\/v2\/pages"}],"about":[{"href":"https:\/\/www.aebentodacruz.pt\/eqavet\/wp-json\/wp\/v2\/types\/page"}],"author":[{"embeddable":true,"href":"https:\/\/www.aebentodacruz.pt\/eqavet\/wp-json\/wp\/v2\/users\/2"}],"replies":[{"embeddable":true,"href":"https:\/\/www.aebentodacruz.pt\/eqavet\/wp-json\/wp\/v2\/comments?post=243"}],"version-history":[{"count":31,"href":"https:\/\/www.aebentodacruz.pt\/eqavet\/wp-json\/wp\/v2\/pages\/243\/revisions"}],"predecessor-version":[{"id":793,"href":"https:\/\/www.aebentodacruz.pt\/eqavet\/wp-json\/wp\/v2\/pages\/243\/revisions\/793"}],"wp:attachment":[{"href":"https:\/\/www.aebentodacruz.pt\/eqavet\/wp-json\/wp\/v2\/media?parent=243"}],"curies":[{"name":"wp","href":"https:\/\/api.w.org\/{rel}","templated":true}]}}