{"id":279,"date":"2024-05-02T09:57:33","date_gmt":"2024-05-02T09:57:33","guid":{"rendered":"https:\/\/aebentodacruz.pt\/eqavet\/?page_id=279"},"modified":"2026-03-17T12:24:49","modified_gmt":"2026-03-17T12:24:49","slug":"documentos-estruturantes","status":"publish","type":"page","link":"https:\/\/www.aebentodacruz.pt\/eqavet\/documentos-estruturantes\/","title":{"rendered":"Documentos Estruturantes"},"content":{"rendered":"\t\t<div data-elementor-type=\"wp-page\" data-elementor-id=\"279\" class=\"elementor elementor-279\">\n\t\t\t\t<div class=\"elementor-element elementor-element-7ea78d5 e-con-full e-flex e-con e-parent\" data-id=\"7ea78d5\" data-element_type=\"container\" data-e-type=\"container\">\n\t\t\t\t<div class=\"elementor-element elementor-element-3b4c7cf elementor-widget elementor-widget-image\" data-id=\"3b4c7cf\" data-element_type=\"widget\" data-e-type=\"widget\" data-widget_type=\"image.default\">\n\t\t\t\t<div class=\"elementor-widget-container\">\n\t\t\t\t\t\t\t\t\t\t\t\t\t\t\t<img decoding=\"async\" src=\"https:\/\/www.aebentodacruz.pt\/eqavet\/wp-content\/uploads\/elementor\/thumbs\/pexels-photo-1595385-qmikr2gfv7d9tn7lezip0tgzlahjm6uh0zs83ox0po.jpeg\" title=\"pexels-photo-1595385.jpeg\" alt=\"pexels-photo-1595385.jpeg\" loading=\"lazy\" \/>\t\t\t\t\t\t\t\t\t\t\t\t\t\t\t<\/div>\n\t\t\t\t<\/div>\n\t\t\t\t<\/div>\n\t\t<div class=\"elementor-element elementor-element-8411e4f e-flex e-con-boxed e-con e-parent\" data-id=\"8411e4f\" data-element_type=\"container\" data-e-type=\"container\">\n\t\t\t\t\t<div class=\"e-con-inner\">\n\t\t\t\t<div class=\"elementor-element elementor-element-f50d2fa elementor-widget elementor-widget-heading\" data-id=\"f50d2fa\" data-element_type=\"widget\" data-e-type=\"widget\" data-widget_type=\"heading.default\">\n\t\t\t\t<div class=\"elementor-widget-container\">\n\t\t\t\t\t<h2 class=\"elementor-heading-title elementor-size-default\">Documentos Estruturantes<\/h2>\t\t\t\t<\/div>\n\t\t\t\t<\/div>\n\t\t\t\t\t<\/div>\n\t\t\t\t<\/div>\n\t\t<div class=\"elementor-element elementor-element-e7e780d e-flex e-con-boxed e-con e-parent\" data-id=\"e7e780d\" data-element_type=\"container\" data-e-type=\"container\">\n\t\t\t\t\t<div class=\"e-con-inner\">\n\t\t\t\t<div class=\"elementor-element elementor-element-91725fa elementor-widget elementor-widget-text-editor\" data-id=\"91725fa\" data-element_type=\"widget\" data-e-type=\"widget\" data-widget_type=\"text-editor.default\">\n\t\t\t\t<div class=\"elementor-widget-container\">\n\t\t\t\t\t\t\t\t\t<ul><li><a href=\"https:\/\/www.aebentodacruz.pt\/eqavet\/wp-content\/uploads\/2026\/02\/AEDBC-M_PAA_2025-2026-1.pdf\">Plano Anual de Atividades &#8211; PAA 25\/26<\/a><\/li><li><span class=\"wixui-rich-text__text\"><a href=\"https:\/\/www.aebentodacruz.pt\/eqavet\/wp-content\/uploads\/2025\/01\/PAA-24_25.pdf\">Plano Anual de Atividades &#8211; PAA 24\/25\u00a0<\/a><\/span><\/li><li><span class=\"wixui-rich-text__text\"><a href=\"https:\/\/aebentodacruz.pt\/eqavet\/wp-content\/uploads\/2024\/05\/PLANO-ANUAL-DE-ATIVIDADES-PAA-23_24.pdf\">Plano Anual de Atividades &#8211; PAA 23\/24<\/a><\/span><\/li><li class=\"font_0 wixui-rich-text__text\"><a href=\"https:\/\/www.aebentodacruz.pt\/eqavet\/wp-content\/uploads\/2026\/03\/Plano_2025-2026_Janeiro-Julho-2026.pdf\"><span class=\"wixui-rich-text__text\">Plano de Forma\u00e7\u00e3o 2025\/2026<\/span><\/a><\/li><li><a href=\"https:\/\/www.aebentodacruz.pt\/eqavet\/wp-content\/uploads\/2026\/02\/Plano-de-Acao-Revisao-e-Melhoria-2025_2026-CP-28_01_2026.pdf\">Plano de A\u00e7\u00e3o &#8211; Revis\u00e3o e Melhoria 2025\/2026<\/a><\/li><li><a href=\"https:\/\/www.aebentodacruz.pt\/eqavet\/wp-content\/uploads\/2026\/03\/Plano-de-Acao-Revisao-e-Melhoria-2024_2025.pdf\">Plano de A\u00e7\u00e3o &#8211; Revis\u00e3o e Melhoria 2024\/2025<\/a><\/li><li><a href=\"https:\/\/www.aebentodacruz.pt\/eqavet\/wp-content\/uploads\/2026\/03\/Plano-de-Acao-Revisao-e-Melhoria-2023_2024.pdf\">Plano de A\u00e7\u00e3o &#8211; Revis\u00e3o e Melhoria 2023\/2024<\/a><\/li><li class=\"font_0 wixui-rich-text__text\"><a href=\"https:\/\/www.aebentodacruz.pt\/eqavet\/wp-content\/uploads\/2026\/03\/Plano-de-Acao-Revisao-e-Melhoria-2022_2023-CP-12_10_2022.pdf\">Plano de A\u00e7\u00e3o &#8211; Revis\u00e3o e Melhoria 2022\/2023<\/a><\/li><li><a href=\"https:\/\/www.aebentodacruz.pt\/eqavet\/wp-content\/uploads\/2026\/03\/Plano-de-Acao-2021_2022.pdf\">Plano de A\u00e7\u00e3o &#8211; Revis\u00e3o e Melhoria 2021\/2022<\/a><\/li><li><a href=\"https:\/\/www.aebentodacruz.pt\/eqavet\/wp-content\/uploads\/2026\/03\/Plano-de-Acao-Revisao-e-Melhoria-2020_2021-CP-26_11_2020.pdf\">Plano de A\u00e7\u00e3o &#8211; Revis\u00e3o e Melhoria 2020\/2021<\/a><\/li><li><a href=\"https:\/\/aebentodacruz.pt\/eqavet\/wp-content\/uploads\/2024\/05\/Plano-de-Acao.pdf\">Plano de A\u00e7\u00e3o &#8211; Revis\u00e3o e Melhoria 2019\/2020<\/a><\/li><li class=\"font_0 wixui-rich-text__text\"><a href=\"https:\/\/aebentodacruz.pt\/eqavet\/wp-content\/uploads\/2024\/05\/Documento-Base.pdf\">Documento Base<\/a><\/li><li class=\"font_0 wixui-rich-text__text\"><a href=\"https:\/\/aebentodacruz.pt\/eqavet\/wp-content\/uploads\/2024\/05\/Relatorio-do-Operador.pdf\">Relat\u00f3rio do Operador<\/a><\/li><li class=\"font_0 wixui-rich-text__text\"><a href=\"https:\/\/www.aebentodacruz.pt\/eqavet\/wp-content\/uploads\/2026\/03\/REGIMENTO-DA-EQUIPA-EQAVET-3.pdf\">Regimento &#8211; EQUIPA EQAVET<\/a><\/li><\/ul>\t\t\t\t\t\t\t\t<\/div>\n\t\t\t\t<\/div>\n\t\t\t\t\t<\/div>\n\t\t\t\t<\/div>\n\t\t<div class=\"elementor-element elementor-element-c6c1cf0 e-flex e-con-boxed e-con e-parent\" data-id=\"c6c1cf0\" data-element_type=\"container\" data-e-type=\"container\">\n\t\t\t\t\t<div class=\"e-con-inner\">\n\t\t\t\t<div class=\"elementor-element elementor-element-a7ea21e elementor-widget elementor-widget-text-editor\" data-id=\"a7ea21e\" data-element_type=\"widget\" data-e-type=\"widget\" data-widget_type=\"text-editor.default\">\n\t\t\t\t<div class=\"elementor-widget-container\">\n\t\t\t\t\t\t\t\t\t<h4><a href=\"https:\/\/aebentodacruz.pt\/eqavet\/wp-content\/uploads\/2024\/05\/Selo-2020.pdf\">Certificado &#8211; Selo EQAVET (n\u00ba 98\/2020)<\/a><\/h4><ul><li><a href=\"https:\/\/aebentodacruz.pt\/eqavet\/wp-content\/uploads\/2024\/05\/Relatorio-de-Progresso-Anual-N.o1.pdf\">Relat\u00f3rio de Progresso Anual N.\u00ba1 &#8211; Selo EQAVET &#8211; Certificado n.\u00ba 098\/2020\u00a0 (Ano letivo 2020 &#8211; 2021)<\/a><\/li><li><a href=\"https:\/\/aebentodacruz.pt\/eqavet\/wp-content\/uploads\/2024\/05\/Relatorio-de-Progresso-Anual-N.o2.pdf\">Relat\u00f3rio de Progresso Anual N.\u00ba2 &#8211; Selo EQAVET &#8211; Certificado n.\u00ba 098\/2020\u00a0 (Ano letivo 2021 &#8211; 2022)<\/a>\u00a0<\/li><li><a href=\"https:\/\/aebentodacruz.pt\/eqavet\/wp-content\/uploads\/2024\/05\/Relatorio-de-Progresso-Anual-N.o3.pdf\">Relat\u00f3rio de Progresso Anual N.\u00ba3 &#8211; Selo EQAVET &#8211; Certificado n.\u00ba 098\/2020\u00a0 (Ano letivo 2022 &#8211; 2023)<\/a>\u00a0<\/li><\/ul>\t\t\t\t\t\t\t\t<\/div>\n\t\t\t\t<\/div>\n\t\t\t\t\t<\/div>\n\t\t\t\t<\/div>\n\t\t<div class=\"elementor-element elementor-element-75e6417 e-flex e-con-boxed e-con e-parent\" data-id=\"75e6417\" data-element_type=\"container\" data-e-type=\"container\">\n\t\t\t\t\t<div class=\"e-con-inner\">\n\t\t\t\t<div class=\"elementor-element elementor-element-f9f886c elementor-widget elementor-widget-text-editor\" data-id=\"f9f886c\" data-element_type=\"widget\" data-e-type=\"widget\" data-widget_type=\"text-editor.default\">\n\t\t\t\t<div class=\"elementor-widget-container\">\n\t\t\t\t\t\t\t\t\t<h4><a href=\"https:\/\/aebentodacruz.pt\/eqavet\/wp-content\/uploads\/2024\/05\/Selo-2023-3.pdf\">Certificado &#8211; Selo EQAVET ( n\u00ba 98\/2023)<\/a><\/h4><ul><li class=\"font_2 wixui-rich-text__text\"><a href=\"https:\/\/aebentodacruz.pt\/eqavet\/wp-content\/uploads\/2024\/08\/Relatorio-de-Progresso-Anual-N.o1-\u2013-Selo-EQAVET-Certificado-no-0982023-Ano-letivo-2023-\u2013-2024.pdf\">Relat\u00f3rio de Progresso Anual N.\u00ba1 \u2013 Selo EQAVET &#8211; Certificado n.\u00ba 098\/2023 ( Ano letivo 2023 \u2013 2024)<\/a><\/li><li><a href=\"https:\/\/www.aebentodacruz.pt\/eqavet\/wp-content\/uploads\/2025\/09\/Relatorio-Progresso-Anual-2025_signed_signed.pdf\">Relat\u00f3rio de Progresso Anual N.\u00ba2 \u2013 Selo EQAVET &#8211; Certificado n.\u00ba 098\/2023 ( Ano letivo 2024 \u2013 2025)<\/a><\/li><li>Relat\u00f3rio de Progresso Anual N.\u00ba3 \u2013 Selo EQAVET &#8211; Certificado n.\u00ba 098\/2023 ( Ano letivo 2025 \u2013 2026)<\/li><\/ul>\t\t\t\t\t\t\t\t<\/div>\n\t\t\t\t<\/div>\n\t\t\t\t\t<\/div>\n\t\t\t\t<\/div>\n\t\t\t\t<\/div>\n\t\t","protected":false},"excerpt":{"rendered":"<p>Documentos Estruturantes Plano Anual de Atividades &#8211; PAA 25\/26 Plano Anual de Atividades &#8211; PAA 24\/25\u00a0 Plano Anual de Atividades &#8211; PAA 23\/24 Plano de Forma\u00e7\u00e3o 2025\/2026 Plano de A\u00e7\u00e3o &#8211; Revis\u00e3o e Melhoria 2025\/2026 Plano de A\u00e7\u00e3o &#8211; Revis\u00e3o e Melhoria 2024\/2025 Plano de A\u00e7\u00e3o &#8211; Revis\u00e3o e Melhoria 2023\/2024 Plano de A\u00e7\u00e3o &#8211; Revis\u00e3o e Melhoria 2022\/2023 Plano [&hellip;]<\/p>\n","protected":false},"author":2,"featured_media":0,"parent":0,"menu_order":0,"comment_status":"closed","ping_status":"closed","template":"page-templates\/full-width-container.php","meta":{"footnotes":""},"class_list":["post-279","page","type-page","status-publish","hentry"],"_links":{"self":[{"href":"https:\/\/www.aebentodacruz.pt\/eqavet\/wp-json\/wp\/v2\/pages\/279","targetHints":{"allow":["GET"]}}],"collection":[{"href":"https:\/\/www.aebentodacruz.pt\/eqavet\/wp-json\/wp\/v2\/pages"}],"about":[{"href":"https:\/\/www.aebentodacruz.pt\/eqavet\/wp-json\/wp\/v2\/types\/page"}],"author":[{"embeddable":true,"href":"https:\/\/www.aebentodacruz.pt\/eqavet\/wp-json\/wp\/v2\/users\/2"}],"replies":[{"embeddable":true,"href":"https:\/\/www.aebentodacruz.pt\/eqavet\/wp-json\/wp\/v2\/comments?post=279"}],"version-history":[{"count":120,"href":"https:\/\/www.aebentodacruz.pt\/eqavet\/wp-json\/wp\/v2\/pages\/279\/revisions"}],"predecessor-version":[{"id":991,"href":"https:\/\/www.aebentodacruz.pt\/eqavet\/wp-json\/wp\/v2\/pages\/279\/revisions\/991"}],"wp:attachment":[{"href":"https:\/\/www.aebentodacruz.pt\/eqavet\/wp-json\/wp\/v2\/media?parent=279"}],"curies":[{"name":"wp","href":"https:\/\/api.w.org\/{rel}","templated":true}]}}